{"id":139,"date":"2024-12-22T22:14:17","date_gmt":"2024-12-22T22:14:17","guid":{"rendered":"https:\/\/www.watesse.be\/?page_id=139"},"modified":"2025-02-04T20:34:07","modified_gmt":"2025-02-04T20:34:07","slug":"curriculum-vitae","status":"publish","type":"page","link":"https:\/\/www.watesse.be\/?page_id=139","title":{"rendered":"Curriculum Vitae"},"content":{"rendered":"\n<div class=\"wp-block-buttons is-content-justification-right is-layout-flex wp-container-core-buttons-is-layout-fc306653 wp-block-buttons-is-layout-flex\">\n<div class=\"wp-block-button has-custom-width wp-block-button__width-100 has-custom-font-size has-x-large-font-size\"><a class=\"wp-block-button__link has-white-color has-text-color has-background has-link-color has-text-align-center wp-element-button\" href=\"https:\/\/www.watesse.be\/wp-content\/uploads\/2024\/12\/CV-Professionnel-Informatique-Photo-Moderne-Gris-Sobre-3.pdf\" style=\"border-radius:100px;background:linear-gradient(185deg,rgb(7,0,2) 0%,rgb(234,7,71) 100%)\"><em><strong>Curriculum Vitae [pdf]<\/strong><\/em><\/a><\/div>\n<\/div>\n\n\n\n<figure class=\"wp-block-image size-large is-style-default\"><img fetchpriority=\"high\" decoding=\"async\" width=\"718\" height=\"1024\" src=\"https:\/\/www.watesse.be\/wp-content\/uploads\/2025\/01\/cv__image-718x1024.jpg\" alt=\"\" class=\"wp-image-326\" srcset=\"https:\/\/www.watesse.be\/wp-content\/uploads\/2025\/01\/cv__image-718x1024.jpg 718w, https:\/\/www.watesse.be\/wp-content\/uploads\/2025\/01\/cv__image-210x300.jpg 210w, https:\/\/www.watesse.be\/wp-content\/uploads\/2025\/01\/cv__image-768x1095.jpg 768w, https:\/\/www.watesse.be\/wp-content\/uploads\/2025\/01\/cv__image.jpg 787w\" sizes=\"(max-width: 718px) 100vw, 718px\" \/><\/figure>\n\n\n\n<div class=\"wp-block-group is-layout-constrained wp-block-group-is-layout-constrained\">\n<p><em>J&rsquo;ai appris \u00e0 allumer un feu avec des pierres, \u00e0 construire des teepees, \u00e0 fabriquer un propulseur et \u00e0 chasser avec, \u00e0 filer la laine et \u00e0 la tisser ensuite, &#8230; <\/em><\/p>\n\n\n\n<p class=\"has-text-align-right has-medium-font-size\" style=\"font-style:normal;font-weight:600\"><em>Je peux \u00eatre utile dans une entreprise en cas de fin du monde !<\/em><\/p>\n\n\n\n<p class=\"has-text-align-right has-small-font-size\" style=\"font-style:normal;font-weight:300\">#seconddegr\u00e9<\/p>\n<\/div>\n","protected":false},"excerpt":{"rendered":"<p>J&rsquo;ai appris \u00e0 allumer un feu avec des pierres, \u00e0 construire des teepees, \u00e0 fabriquer un propulseur et \u00e0 chasser avec, \u00e0 filer la laine et \u00e0 la tisser ensuite, &#8230; Je peux \u00eatre utile dans une entreprise en cas de fin du monde ! #seconddegr\u00e9<\/p>\n","protected":false},"author":1,"featured_media":0,"parent":96,"menu_order":0,"comment_status":"closed","ping_status":"closed","template":"","meta":{"_uag_custom_page_level_css":"","footnotes":""},"class_list":["post-139","page","type-page","status-publish","hentry"],"aioseo_notices":[],"uagb_featured_image_src":{"full":false,"thumbnail":false,"medium":false,"medium_large":false,"large":false,"1536x1536":false,"2048x2048":false},"uagb_author_info":{"display_name":"i.watesse","author_link":"https:\/\/www.watesse.be\/?author=1"},"uagb_comment_info":0,"uagb_excerpt":"J&rsquo;ai appris \u00e0 allumer un feu avec des pierres, \u00e0 construire des teepees, \u00e0 fabriquer un propulseur et \u00e0 chasser avec, \u00e0 filer la laine et \u00e0 la tisser ensuite, &#8230; Je peux \u00eatre utile dans une entreprise en cas de fin du monde ! #seconddegr\u00e9","_links":{"self":[{"href":"https:\/\/www.watesse.be\/index.php?rest_route=\/wp\/v2\/pages\/139","targetHints":{"allow":["GET"]}}],"collection":[{"href":"https:\/\/www.watesse.be\/index.php?rest_route=\/wp\/v2\/pages"}],"about":[{"href":"https:\/\/www.watesse.be\/index.php?rest_route=\/wp\/v2\/types\/page"}],"author":[{"embeddable":true,"href":"https:\/\/www.watesse.be\/index.php?rest_route=\/wp\/v2\/users\/1"}],"replies":[{"embeddable":true,"href":"https:\/\/www.watesse.be\/index.php?rest_route=%2Fwp%2Fv2%2Fcomments&post=139"}],"version-history":[{"count":8,"href":"https:\/\/www.watesse.be\/index.php?rest_route=\/wp\/v2\/pages\/139\/revisions"}],"predecessor-version":[{"id":389,"href":"https:\/\/www.watesse.be\/index.php?rest_route=\/wp\/v2\/pages\/139\/revisions\/389"}],"up":[{"embeddable":true,"href":"https:\/\/www.watesse.be\/index.php?rest_route=\/wp\/v2\/pages\/96"}],"wp:attachment":[{"href":"https:\/\/www.watesse.be\/index.php?rest_route=%2Fwp%2Fv2%2Fmedia&parent=139"}],"curies":[{"name":"wp","href":"https:\/\/api.w.org\/{rel}","templated":true}]}}