{"id":69,"date":"2024-12-12T21:11:56","date_gmt":"2024-12-12T21:11:56","guid":{"rendered":"https:\/\/watesse.be\/?page_id=69"},"modified":"2025-03-07T20:45:08","modified_gmt":"2025-03-07T20:45:08","slug":"qui-suis-je","status":"publish","type":"page","link":"https:\/\/www.watesse.be\/?page_id=69","title":{"rendered":"Qui suis-je ?"},"content":{"rendered":"\n<div class=\"wp-block-media-text is-stacked-on-mobile souris\" style=\"grid-template-columns:31% auto\"><figure class=\"wp-block-media-text__media\"><img fetchpriority=\"high\" decoding=\"async\" width=\"1024\" height=\"770\" src=\"https:\/\/www.watesse.be\/wp-content\/uploads\/2025\/01\/420070119_10160969789330856_6875436230401014067_n-1024x770.jpg\" alt=\"\" class=\"wp-image-320 size-full\" srcset=\"https:\/\/www.watesse.be\/wp-content\/uploads\/2025\/01\/420070119_10160969789330856_6875436230401014067_n-1024x770.jpg 1024w, https:\/\/www.watesse.be\/wp-content\/uploads\/2025\/01\/420070119_10160969789330856_6875436230401014067_n-300x226.jpg 300w, https:\/\/www.watesse.be\/wp-content\/uploads\/2025\/01\/420070119_10160969789330856_6875436230401014067_n-768x578.jpg 768w, https:\/\/www.watesse.be\/wp-content\/uploads\/2025\/01\/420070119_10160969789330856_6875436230401014067_n-1536x1155.jpg 1536w, https:\/\/www.watesse.be\/wp-content\/uploads\/2025\/01\/420070119_10160969789330856_6875436230401014067_n.jpg 2048w\" sizes=\"(max-width: 1024px) 100vw, 1024px\" \/><\/figure><div class=\"wp-block-media-text__content\">\n<p>Isabelle, historienne de l&rsquo;art et arch\u00e9ologue, guide au Pr\u00e9histomuseum depuis 2012. Je suis amoureuse des Grottes de Goyet o\u00f9 je coordonne une petite \u00e9quipe d&rsquo;animateurs.<\/p>\n\n\n\n<p>J&rsquo;aime profond\u00e9ment mon travail, faire d\u00e9couvrir l&rsquo;histoire, le patrimoine et la culture \u00e0 un maximum de visiteurs (en particulier aux enfants) et voir la petite \u00e9toile de curiosit\u00e9 et d&rsquo;int\u00e9r\u00eat animer petit \u00e0 petit leurs yeux. J&rsquo;aime \u00e9galement l&rsquo;id\u00e9e de contribuer \u00e0 un site magnifique et plein de potentiel. <\/p>\n\n\n\n<p>Ce qui me passionne encore plus? D\u00e9couvrir chaque nouvelle personne, son parcours &amp; son histoire.<\/p>\n<\/div><\/div>\n\n\n\n<div class=\"wp-block-media-text has-media-on-the-right is-stacked-on-mobile souris\" style=\"grid-template-columns:auto 26%\"><div class=\"wp-block-media-text__content\">\n<p>Outre le domaine professionnel, j&rsquo;aime lire, bricoler, les jeux de soci\u00e9t\u00e9, me balader, &#8230; Nous avons achet\u00e9 une graaaaande maison avec mon compagnon et passons la plupart de nos temps libres \u00e0 faire des travaux.<\/p>\n<\/div><figure class=\"wp-block-media-text__media\"><img decoding=\"async\" width=\"1024\" height=\"724\" src=\"https:\/\/www.watesse.be\/wp-content\/uploads\/2025\/01\/329051241_952330819481518_3866177112315087209_n-1024x724.jpg\" alt=\"\" class=\"wp-image-322 size-full\" srcset=\"https:\/\/www.watesse.be\/wp-content\/uploads\/2025\/01\/329051241_952330819481518_3866177112315087209_n-1024x724.jpg 1024w, https:\/\/www.watesse.be\/wp-content\/uploads\/2025\/01\/329051241_952330819481518_3866177112315087209_n-300x212.jpg 300w, https:\/\/www.watesse.be\/wp-content\/uploads\/2025\/01\/329051241_952330819481518_3866177112315087209_n-768x543.jpg 768w, https:\/\/www.watesse.be\/wp-content\/uploads\/2025\/01\/329051241_952330819481518_3866177112315087209_n.jpg 1420w\" sizes=\"(max-width: 1024px) 100vw, 1024px\" \/><\/figure><\/div>\n","protected":false},"excerpt":{"rendered":"<p>Isabelle, historienne de l&rsquo;art et arch\u00e9ologue, guide au Pr\u00e9histomuseum depuis 2012. Je suis amoureuse des Grottes de Goyet o\u00f9 je coordonne une petite \u00e9quipe d&rsquo;animateurs. J&rsquo;aime profond\u00e9ment mon travail, faire d\u00e9couvrir l&rsquo;histoire, le patrimoine et la culture \u00e0 un maximum de visiteurs (en particulier aux enfants) et voir la petite \u00e9toile de curiosit\u00e9 et d&rsquo;int\u00e9r\u00eat [&hellip;]<\/p>\n","protected":false},"author":1,"featured_media":0,"parent":96,"menu_order":0,"comment_status":"closed","ping_status":"closed","template":"elementor_theme","meta":{"_uag_custom_page_level_css":"","footnotes":""},"class_list":["post-69","page","type-page","status-publish","hentry"],"aioseo_notices":[],"uagb_featured_image_src":{"full":false,"thumbnail":false,"medium":false,"medium_large":false,"large":false,"1536x1536":false,"2048x2048":false},"uagb_author_info":{"display_name":"i.watesse","author_link":"https:\/\/www.watesse.be\/?author=1"},"uagb_comment_info":0,"uagb_excerpt":"Isabelle, historienne de l&rsquo;art et arch\u00e9ologue, guide au Pr\u00e9histomuseum depuis 2012. Je suis amoureuse des Grottes de Goyet o\u00f9 je coordonne une petite \u00e9quipe d&rsquo;animateurs. J&rsquo;aime profond\u00e9ment mon travail, faire d\u00e9couvrir l&rsquo;histoire, le patrimoine et la culture \u00e0 un maximum de visiteurs (en particulier aux enfants) et voir la petite \u00e9toile de curiosit\u00e9 et d&rsquo;int\u00e9r\u00eat\u2026","_links":{"self":[{"href":"https:\/\/www.watesse.be\/index.php?rest_route=\/wp\/v2\/pages\/69","targetHints":{"allow":["GET"]}}],"collection":[{"href":"https:\/\/www.watesse.be\/index.php?rest_route=\/wp\/v2\/pages"}],"about":[{"href":"https:\/\/www.watesse.be\/index.php?rest_route=\/wp\/v2\/types\/page"}],"author":[{"embeddable":true,"href":"https:\/\/www.watesse.be\/index.php?rest_route=\/wp\/v2\/users\/1"}],"replies":[{"embeddable":true,"href":"https:\/\/www.watesse.be\/index.php?rest_route=%2Fwp%2Fv2%2Fcomments&post=69"}],"version-history":[{"count":5,"href":"https:\/\/www.watesse.be\/index.php?rest_route=\/wp\/v2\/pages\/69\/revisions"}],"predecessor-version":[{"id":499,"href":"https:\/\/www.watesse.be\/index.php?rest_route=\/wp\/v2\/pages\/69\/revisions\/499"}],"up":[{"embeddable":true,"href":"https:\/\/www.watesse.be\/index.php?rest_route=\/wp\/v2\/pages\/96"}],"wp:attachment":[{"href":"https:\/\/www.watesse.be\/index.php?rest_route=%2Fwp%2Fv2%2Fmedia&parent=69"}],"curies":[{"name":"wp","href":"https:\/\/api.w.org\/{rel}","templated":true}]}}